{"id":14,"date":"2011-11-29T18:16:19","date_gmt":"2011-11-29T18:16:19","guid":{"rendered":"http:\/\/www.escritorescantabros.com:8181\/?page_id=14"},"modified":"2021-12-26T16:38:55","modified_gmt":"2021-12-26T16:38:55","slug":"biografias","status":"publish","type":"page","link":"https:\/\/www.escritorescantabros.com\/?page_id=14","title":{"rendered":"Escritores"},"content":{"rendered":"<p>La relaci\u00f3n de datos biogr\u00e1ficos que presentamos por orden alfab\u00e9tico incluye una serie de\u00a0personajes literarios, cient\u00edficos y period\u00edsticos que tienen como denominador com\u00fan el haber mantenido una relaci\u00f3n estrecha con Cantabria, tanto desde el punto de vista de su nacimiento, vecindad, dedicaci\u00f3n\u00a0u objeto\u00a0de su obra. Tambi\u00e9n advertimos que esta relaci\u00f3n s\u00f3lo\u00a0incluye a escritores ya fallecidos, cuya localizaci\u00f3n tambi\u00e9n puede realizarse por medio del buscador ubicado a la derecha.<\/p>\n","protected":false},"excerpt":{"rendered":"<p>La relaci\u00f3n de datos biogr\u00e1ficos que presentamos por orden alfab\u00e9tico incluye una serie de\u00a0personajes literarios, cient\u00edficos y period\u00edsticos que tienen como denominador com\u00fan el haber mantenido una relaci\u00f3n estrecha con Cantabria, tanto desde el punto de vista de su nacimiento, &hellip; <a href=\"https:\/\/www.escritorescantabros.com\/?page_id=14\">Sigue leyendo <span class=\"meta-nav\">&rarr;<\/span><\/a><\/p>\n","protected":false},"author":1,"featured_media":0,"parent":0,"menu_order":0,"comment_status":"open","ping_status":"open","template":"biografias-page.php","meta":{"footnotes":""},"_links":{"self":[{"href":"https:\/\/www.escritorescantabros.com\/index.php?rest_route=\/wp\/v2\/pages\/14"}],"collection":[{"href":"https:\/\/www.escritorescantabros.com\/index.php?rest_route=\/wp\/v2\/pages"}],"about":[{"href":"https:\/\/www.escritorescantabros.com\/index.php?rest_route=\/wp\/v2\/types\/page"}],"author":[{"embeddable":true,"href":"https:\/\/www.escritorescantabros.com\/index.php?rest_route=\/wp\/v2\/users\/1"}],"replies":[{"embeddable":true,"href":"https:\/\/www.escritorescantabros.com\/index.php?rest_route=%2Fwp%2Fv2%2Fcomments&post=14"}],"version-history":[{"count":6,"href":"https:\/\/www.escritorescantabros.com\/index.php?rest_route=\/wp\/v2\/pages\/14\/revisions"}],"predecessor-version":[{"id":6322,"href":"https:\/\/www.escritorescantabros.com\/index.php?rest_route=\/wp\/v2\/pages\/14\/revisions\/6322"}],"wp:attachment":[{"href":"https:\/\/www.escritorescantabros.com\/index.php?rest_route=%2Fwp%2Fv2%2Fmedia&parent=14"}],"curies":[{"name":"wp","href":"https:\/\/api.w.org\/{rel}","templated":true}]}}